{"id":31686,"date":"2020-08-06T06:03:49","date_gmt":"2020-08-06T06:03:49","guid":{"rendered":"http:\/\/wp.remboindustrial.com\/index.php\/product\/granulated-sugar-packets-10-oz-2000carton\/"},"modified":"2020-08-25T11:00:38","modified_gmt":"2020-08-25T11:00:38","slug":"granulated-sugar-packets-10-oz-2000carton","status":"publish","type":"product","link":"https:\/\/discountcentral.biz\/index.php\/product\/granulated-sugar-packets-10-oz-2000carton\/","title":{"rendered":"Granulated Sugar Packets, .10 oz, 2000\/Carton"},"content":{"rendered":"<ul>\n<li>100% pure cane sugar.<\/li>\n<li>Convenient, single-serve packets.<\/li>\n<li>Perfect for everything from coffee to cr\u00e8me br\u00fbl\u00e9e.<\/li>\n<\/ul>\n","protected":false},"excerpt":{"rendered":"<p>100% pure cane sugar. Convenient, single-serve packets. Perfect for everything from coffee to cr\u00e8me br\u00fbl\u00e9e.<\/p>\n","protected":false},"featured_media":101181,"comment_status":"open","ping_status":"closed","template":"","meta":[],"_links":{"self":[{"href":"https:\/\/discountcentral.biz\/index.php\/wp-json\/wp\/v2\/product\/31686"}],"collection":[{"href":"https:\/\/discountcentral.biz\/index.php\/wp-json\/wp\/v2\/product"}],"about":[{"href":"https:\/\/discountcentral.biz\/index.php\/wp-json\/wp\/v2\/types\/product"}],"replies":[{"embeddable":true,"href":"https:\/\/discountcentral.biz\/index.php\/wp-json\/wp\/v2\/comments?post=31686"}],"wp:featuredmedia":[{"embeddable":true,"href":"https:\/\/discountcentral.biz\/index.php\/wp-json\/wp\/v2\/media\/101181"}],"wp:attachment":[{"href":"https:\/\/discountcentral.biz\/index.php\/wp-json\/wp\/v2\/media?parent=31686"}],"curies":[{"name":"wp","href":"https:\/\/api.w.org\/{rel}","templated":true}]}}